{"id":81,"date":"2020-04-24T17:32:35","date_gmt":"2020-04-24T15:32:35","guid":{"rendered":"https:\/\/www.hasici-nelahozeves.cz\/?page_id=81"},"modified":"2026-01-29T20:35:22","modified_gmt":"2026-01-29T19:35:22","slug":"kontakty","status":"publish","type":"page","link":"https:\/\/www.hasici-nelahozeves.cz\/?page_id=81","title":{"rendered":"Kontakty"},"content":{"rendered":"\n<p style=\"font-size:25px\"><strong><em><span style=\"text-decoration: underline;\">SDH<\/span><\/em><\/strong><\/p>\n\n\n\n<p>SH \u010cMS &#8211; Sbor dobrovoln\u00fdch hasi\u010d\u016f Nelahozeves<\/p>\n\n\n\n<p>Nelahozeves 20<\/p>\n\n\n\n<p>277 51 Nelahozeves<\/p>\n\n\n\n<p><strong>Registra\u010dn\u00ed \u010d\u00edslo:<\/strong> 3206066<\/p>\n\n\n\n<p><strong>I\u010c: <\/strong>720 75 805<\/p>\n\n\n\n<p><strong>Bankovn\u00ed \u00fa\u010det: <\/strong>239129586 \/ 0300&nbsp; Po\u0161tovn\u00ed spo\u0159itelna<\/p>\n\n\n\n<p><em>Starosta SDH:<\/em> Pavel Matou\u0161ek (608 710 219)<\/p>\n\n\n\n<p>Rok zalo\u017een\u00ed: 1909<\/p>\n\n\n\n<p>Prapor: Ano<\/p>\n\n\n\n<p><\/p>\n\n\n\n<p><\/p>\n\n\n\n<p style=\"font-size:24px\"><strong><em><span style=\"text-decoration: underline;\">JSDH<\/span><\/em><\/strong><\/p>\n\n\n\n<p>\u0160koln\u00ed 19<\/p>\n\n\n\n<p>277 51 Nelahozeves<\/p>\n\n\n\n<p><\/p>\n\n\n\n<p>Hasi\u010dsk\u00e1 zbrojnice: obecn\u00ed<\/p>\n\n\n\n<p>JPO V<\/p>\n\n\n\n<p><em>Velitel JSDH:<\/em> Jan Gregor (604 621 366) <\/p>\n\n\n\n<p><\/p>\n","protected":false},"excerpt":{"rendered":"<p>SDH SH \u010cMS &#8211; Sbor dobrovoln\u00fdch hasi\u010d\u016f Nelahozeves Nelahozeves 20 277 51 Nelahozeves Registra\u010dn\u00ed \u010d\u00edslo: 3206066 I\u010c: 720 75 805 Bankovn\u00ed \u00fa\u010det: 239129586 \/ 0300&nbsp; Po\u0161tovn\u00ed spo\u0159itelna Starosta SDH: Pavel Matou\u0161ek (608 710 219) Rok zalo\u017een\u00ed: 1909 Prapor: Ano JSDH \u0160koln\u00ed 19 277 51 Nelahozeves Hasi\u010dsk\u00e1 zbrojnice: obecn\u00ed JPO V Velitel JSDH: Jan Gregor (604 [&hellip;]<\/p>\n","protected":false},"author":1,"featured_media":0,"parent":0,"menu_order":0,"comment_status":"closed","ping_status":"closed","template":"","meta":{"footnotes":""},"class_list":["post-81","page","type-page","status-publish","hentry"],"_links":{"self":[{"href":"https:\/\/www.hasici-nelahozeves.cz\/index.php?rest_route=\/wp\/v2\/pages\/81","targetHints":{"allow":["GET"]}}],"collection":[{"href":"https:\/\/www.hasici-nelahozeves.cz\/index.php?rest_route=\/wp\/v2\/pages"}],"about":[{"href":"https:\/\/www.hasici-nelahozeves.cz\/index.php?rest_route=\/wp\/v2\/types\/page"}],"author":[{"embeddable":true,"href":"https:\/\/www.hasici-nelahozeves.cz\/index.php?rest_route=\/wp\/v2\/users\/1"}],"replies":[{"embeddable":true,"href":"https:\/\/www.hasici-nelahozeves.cz\/index.php?rest_route=%2Fwp%2Fv2%2Fcomments&post=81"}],"version-history":[{"count":4,"href":"https:\/\/www.hasici-nelahozeves.cz\/index.php?rest_route=\/wp\/v2\/pages\/81\/revisions"}],"predecessor-version":[{"id":127,"href":"https:\/\/www.hasici-nelahozeves.cz\/index.php?rest_route=\/wp\/v2\/pages\/81\/revisions\/127"}],"wp:attachment":[{"href":"https:\/\/www.hasici-nelahozeves.cz\/index.php?rest_route=%2Fwp%2Fv2%2Fmedia&parent=81"}],"curies":[{"name":"wp","href":"https:\/\/api.w.org\/{rel}","templated":true}]}}